{"id":2803,"date":"2020-03-04T13:00:21","date_gmt":"2020-03-04T12:00:21","guid":{"rendered":"http:\/\/hispaniatraductions.com\/?page_id=2803"},"modified":"2020-11-25T10:51:13","modified_gmt":"2020-11-25T09:51:13","slug":"services","status":"publish","type":"page","link":"https:\/\/hispaniatraductions.com\/index.php\/services\/","title":{"rendered":"Services"},"content":{"rendered":"[vc_row type=\u00a0\u00bbfull_width_background\u00a0\u00bb full_screen_row_position=\u00a0\u00bbmiddle\u00a0\u00bb column_margin=\u00a0\u00bbdefault\u00a0\u00bb full_height=\u00a0\u00bbyes\u00a0\u00bb columns_placement=\u00a0\u00bbtop\u00a0\u00bb bg_color=\u00a0\u00bb#e5dddc\u00a0\u00bb scene_position=\u00a0\u00bbcenter\u00a0\u00bb text_color=\u00a0\u00bbdark\u00a0\u00bb text_align=\u00a0\u00bbleft\u00a0\u00bb top_padding=\u00a0\u00bb20&Prime; bottom_padding=\u00a0\u00bb0&Prime; id=\u00a0\u00bbservices\u00a0\u00bb overlay_strength=\u00a0\u00bb0.3&Prime; shape_divider_color=\u00a0\u00bb#e5dddc\u00a0\u00bb shape_divider_position=\u00a0\u00bbbottom\u00a0\u00bb shape_divider_height=\u00a0\u00bb70&Prime; bg_image_animation=\u00a0\u00bbnone\u00a0\u00bb shape_type=\u00a0\u00bbmountains\u00a0\u00bb][vc_column centered_text=\u00a0\u00bbtrue\u00a0\u00bb column_padding=\u00a0\u00bbno-extra-padding\u00a0\u00bb column_padding_position=\u00a0\u00bball\u00a0\u00bb background_color=\u00a0\u00bb#e5dddc\u00a0\u00bb background_color_opacity=\u00a0\u00bb1&Prime; background_color_hover=\u00a0\u00bb#e5dddc\u00a0\u00bb background_hover_color_opacity=\u00a0\u00bb1&Prime; column_link_target=\u00a0\u00bb_self\u00a0\u00bb column_shadow=\u00a0\u00bbnone\u00a0\u00bb column_border_radius=\u00a0\u00bbnone\u00a0\u00bb width=\u00a0\u00bb1\/1&Prime; tablet_width_inherit=\u00a0\u00bbdefault\u00a0\u00bb tablet_text_alignment=\u00a0\u00bbdefault\u00a0\u00bb phone_text_alignment=\u00a0\u00bbdefault\u00a0\u00bb overlay_strength=\u00a0\u00bb0.3&Prime; column_border_width=\u00a0\u00bbnone\u00a0\u00bb column_border_style=\u00a0\u00bbsolid\u00a0\u00bb bg_image_animation=\u00a0\u00bbnone\u00a0\u00bb][vc_row_inner column_margin=\u00a0\u00bbdefault\u00a0\u00bb text_align=\u00a0\u00bbleft\u00a0\u00bb css=\u00a0\u00bb.vc_custom_1591377317085{background-color: #e5dddc !important;}\u00a0\u00bb][vc_column_inner column_padding=\u00a0\u00bbpadding-1-percent\u00a0\u00bb column_padding_position=\u00a0\u00bball\u00a0\u00bb background_color_opacity=\u00a0\u00bb1&Prime; background_hover_color_opacity=\u00a0\u00bb1&Prime; column_shadow=\u00a0\u00bbnone\u00a0\u00bb column_border_radius=\u00a0\u00bbnone\u00a0\u00bb column_link_target=\u00a0\u00bb_self\u00a0\u00bb width=\u00a0\u00bb1\/3&Prime; tablet_width_inherit=\u00a0\u00bbdefault\u00a0\u00bb overlay_strength=\u00a0\u00bb0.3&Prime; column_border_width=\u00a0\u00bbnone\u00a0\u00bb column_border_style=\u00a0\u00bbsolid\u00a0\u00bb bg_image_animation=\u00a0\u00bbnone\u00a0\u00bb enable_animation=\u00a0\u00bbtrue\u00a0\u00bb animation=\u00a0\u00bbgrow-in\u00a0\u00bb offset=\u00a0\u00bbvc_col-lg-4 vc_col-md-12&Prime;][nectar_flip_box image_url_1=\u00a0\u00bb2951&Prime; bg_color=\u00a0\u00bb#424242&Prime; bg_color_overlay=\u00a0\u00bbtrue\u00a0\u00bb text_color=\u00a0\u00bblight\u00a0\u00bb icon_family=\u00a0\u00bbiconsmind\u00a0\u00bb icon_color=\u00a0\u00bbaccent-color\u00a0\u00bb bg_color_2=\u00a0\u00bb#dd3333&Prime; text_color_2=\u00a0\u00bblight\u00a0\u00bb h_text_align=\u00a0\u00bbcenter\u00a0\u00bb v_text_align=\u00a0\u00bbcenter\u00a0\u00bb image_loading=\u00a0\u00bblazy-load\u00a0\u00bb flip_direction=\u00a0\u00bbhorizontal-to-left\u00a0\u00bb front_content=\u00a0\u00bb<\/p>\n<h3>Traduction<br \/>\n<i>certifi\u00e9e fran\u00e7ais-espagnol<\/i><\/h3>\n<p>\u00a0\u00bb min_height=\u00a0\u00bb300&Prime; icon_iconsmind=\u00a0\u00bbiconsmind-Stamp\u00a0\u00bb icon_size=\u00a0\u00bb50&Prime;]<strong><span style=\"font-size: 14pt;\">Traduction <\/span><span style=\"font-size: 14pt;\">certifi\u00e9e fran\u00e7ais-espagnol<\/span><\/strong><\/p>\n<p><span style=\"font-size: 12pt;\">Traduction de vos documents officiels tels que : actes notari\u00e9s, dipl\u00f4mes, documents d&rsquo;\u00e9tat civil, etc.<\/span>[\/nectar_flip_box][\/vc_column_inner][vc_column_inner column_padding=\u00a0\u00bbpadding-1-percent\u00a0\u00bb column_padding_position=\u00a0\u00bball\u00a0\u00bb background_color_opacity=\u00a0\u00bb1&Prime; background_hover_color_opacity=\u00a0\u00bb1&Prime; column_shadow=\u00a0\u00bbnone\u00a0\u00bb column_border_radius=\u00a0\u00bbnone\u00a0\u00bb column_link_target=\u00a0\u00bb_self\u00a0\u00bb width=\u00a0\u00bb1\/3&Prime; tablet_width_inherit=\u00a0\u00bbdefault\u00a0\u00bb overlay_strength=\u00a0\u00bb0.3&Prime; column_border_width=\u00a0\u00bbnone\u00a0\u00bb column_border_style=\u00a0\u00bbsolid\u00a0\u00bb bg_image_animation=\u00a0\u00bbnone\u00a0\u00bb enable_animation=\u00a0\u00bbtrue\u00a0\u00bb animation=\u00a0\u00bbgrow-in\u00a0\u00bb offset=\u00a0\u00bbvc_col-lg-4 vc_col-md-12&Prime;][nectar_flip_box image_url_1=\u00a0\u00bb2835&Prime; bg_color=\u00a0\u00bb#424242&Prime; bg_color_overlay=\u00a0\u00bbtrue\u00a0\u00bb text_color=\u00a0\u00bblight\u00a0\u00bb icon_family=\u00a0\u00bbiconsmind\u00a0\u00bb icon_color=\u00a0\u00bbaccent-color\u00a0\u00bb bg_color_2=\u00a0\u00bb#ffffff\u00a0\u00bb text_color_2=\u00a0\u00bbdark\u00a0\u00bb h_text_align=\u00a0\u00bbcenter\u00a0\u00bb v_text_align=\u00a0\u00bbcenter\u00a0\u00bb image_loading=\u00a0\u00bblazy-load\u00a0\u00bb flip_direction=\u00a0\u00bbhorizontal-to-left\u00a0\u00bb front_content=\u00a0\u00bb<\/p>\n<h3>Traduction<br \/>\n<i>g\u00e9n\u00e9rale ou sp\u00e9cialis\u00e9e<\/i><\/h3>\n<p>\u00a0\u00bb icon_iconsmind=\u00a0\u00bbiconsmind-Open-Book\u00a0\u00bb min_height=\u00a0\u00bb300&Prime; icon_size=\u00a0\u00bb50&Prime;]<span style=\"color: #dd3333;\"><strong><span style=\"font-size: 14pt;\">Traduction fran\u00e7ais et anglais vers espagnol<\/span><\/strong><\/span><\/p>\n<p><span style=\"font-size: 12pt;\">Traduction de vos documents, sites web, plaquettes, contenus marketing, e-mails, catalogues, etc.<\/span>[\/nectar_flip_box][\/vc_column_inner][vc_column_inner column_padding=\u00a0\u00bbpadding-1-percent\u00a0\u00bb column_padding_position=\u00a0\u00bball\u00a0\u00bb background_color_opacity=\u00a0\u00bb1&Prime; background_hover_color_opacity=\u00a0\u00bb1&Prime; column_shadow=\u00a0\u00bbnone\u00a0\u00bb column_border_radius=\u00a0\u00bbnone\u00a0\u00bb column_link_target=\u00a0\u00bb_self\u00a0\u00bb width=\u00a0\u00bb1\/3&Prime; tablet_width_inherit=\u00a0\u00bbdefault\u00a0\u00bb overlay_strength=\u00a0\u00bb0.3&Prime; column_border_width=\u00a0\u00bbnone\u00a0\u00bb column_border_style=\u00a0\u00bbsolid\u00a0\u00bb bg_image_animation=\u00a0\u00bbnone\u00a0\u00bb enable_animation=\u00a0\u00bbtrue\u00a0\u00bb animation=\u00a0\u00bbgrow-in\u00a0\u00bb offset=\u00a0\u00bbvc_col-lg-4 vc_col-md-12&Prime;][nectar_flip_box image_url_1=\u00a0\u00bb2954&Prime; bg_color=\u00a0\u00bb#424242&Prime; bg_color_overlay=\u00a0\u00bbtrue\u00a0\u00bb text_color=\u00a0\u00bblight\u00a0\u00bb icon_family=\u00a0\u00bbiconsmind\u00a0\u00bb icon_color=\u00a0\u00bbaccent-color\u00a0\u00bb bg_color_2=\u00a0\u00bb#dd3333&Prime; text_color_2=\u00a0\u00bblight\u00a0\u00bb h_text_align=\u00a0\u00bbcenter\u00a0\u00bb v_text_align=\u00a0\u00bbcenter\u00a0\u00bb image_loading=\u00a0\u00bblazy-load\u00a0\u00bb flip_direction=\u00a0\u00bbhorizontal-to-left\u00a0\u00bb front_content=\u00a0\u00bb<\/p>\n<h3>Relecture et correction de textes<\/h3>\n<p>\u00a0\u00bb icon_iconsmind=\u00a0\u00bbiconsmind-Spell-Check\u00a0\u00bb min_height=\u00a0\u00bb300&Prime; icon_size=\u00a0\u00bb50&Prime;]<span style=\"font-size: 14pt;\"><strong>Relecture et correction<\/strong><\/span><\/p>\n<p><span style=\"font-size: 12pt;\">La qualit\u00e9 de vos documents est primordiale, que ce soit dans le contenu ou dans la forme.<\/span>[\/nectar_flip_box][\/vc_column_inner][\/vc_row_inner][vc_row_inner column_margin=\u00a0\u00bbdefault\u00a0\u00bb top_padding=\u00a0\u00bb0&Prime; bottom_padding=\u00a0\u00bb0&Prime; text_align=\u00a0\u00bbleft\u00a0\u00bb][vc_column_inner column_padding=\u00a0\u00bbpadding-1-percent\u00a0\u00bb column_padding_position=\u00a0\u00bball\u00a0\u00bb background_color_opacity=\u00a0\u00bb1&Prime; background_hover_color_opacity=\u00a0\u00bb1&Prime; column_shadow=\u00a0\u00bbnone\u00a0\u00bb column_border_radius=\u00a0\u00bbnone\u00a0\u00bb bottom_margin=\u00a0\u00bb0&Prime; column_link_target=\u00a0\u00bb_self\u00a0\u00bb width=\u00a0\u00bb1\/3&Prime; tablet_width_inherit=\u00a0\u00bbdefault\u00a0\u00bb overlay_strength=\u00a0\u00bb0.3&Prime; column_border_width=\u00a0\u00bbnone\u00a0\u00bb column_border_style=\u00a0\u00bbsolid\u00a0\u00bb bg_image_animation=\u00a0\u00bbnone\u00a0\u00bb offset=\u00a0\u00bbvc_col-lg-4 vc_col-md-12&Prime;][nectar_flip_box image_url_1=\u00a0\u00bb2943&Prime; bg_color=\u00a0\u00bb#424242&Prime; bg_color_overlay=\u00a0\u00bbtrue\u00a0\u00bb text_color=\u00a0\u00bblight\u00a0\u00bb icon_family=\u00a0\u00bbiconsmind\u00a0\u00bb icon_color=\u00a0\u00bbaccent-color\u00a0\u00bb bg_color_2=\u00a0\u00bb#ffffff\u00a0\u00bb text_color_2=\u00a0\u00bbdark\u00a0\u00bb h_text_align=\u00a0\u00bbcenter\u00a0\u00bb v_text_align=\u00a0\u00bbcenter\u00a0\u00bb image_loading=\u00a0\u00bblazy-load\u00a0\u00bb flip_direction=\u00a0\u00bbhorizontal-to-left\u00a0\u00bb front_content=\u00a0\u00bb<\/p>\n<h3>Mise en page<\/h3>\n<p>\u00a0\u00bb icon_iconsmind=\u00a0\u00bbiconsmind-Sidebar-Window\u00a0\u00bb min_height=\u00a0\u00bb300&Prime; icon_size=\u00a0\u00bb50&Prime;]<span style=\"font-size: 14pt; color: #dd3333;\"><strong>Mise en page<\/strong><\/span><\/p>\n<p><span style=\"font-size: 12pt;\">Respect de la mise en page de votre document et service de mise en page. Traduction dans le document source (InDesign).<\/span>[\/nectar_flip_box][\/vc_column_inner][vc_column_inner column_padding=\u00a0\u00bbpadding-1-percent\u00a0\u00bb column_padding_position=\u00a0\u00bball\u00a0\u00bb background_color_opacity=\u00a0\u00bb1&Prime; background_hover_color_opacity=\u00a0\u00bb1&Prime; column_shadow=\u00a0\u00bbnone\u00a0\u00bb column_border_radius=\u00a0\u00bbnone\u00a0\u00bb column_link_target=\u00a0\u00bb_self\u00a0\u00bb width=\u00a0\u00bb1\/3&Prime; tablet_width_inherit=\u00a0\u00bbdefault\u00a0\u00bb overlay_strength=\u00a0\u00bb0.3&Prime; column_border_width=\u00a0\u00bbnone\u00a0\u00bb column_border_style=\u00a0\u00bbsolid\u00a0\u00bb bg_image_animation=\u00a0\u00bbnone\u00a0\u00bb offset=\u00a0\u00bbvc_col-lg-4 vc_col-md-12&Prime;][nectar_flip_box image_url_1=\u00a0\u00bb2944&Prime; bg_color=\u00a0\u00bb#424242&Prime; bg_color_overlay=\u00a0\u00bbtrue\u00a0\u00bb text_color=\u00a0\u00bblight\u00a0\u00bb icon_family=\u00a0\u00bbiconsmind\u00a0\u00bb icon_color=\u00a0\u00bbaccent-color\u00a0\u00bb bg_color_2=\u00a0\u00bb#dd3333&Prime; text_color_2=\u00a0\u00bblight\u00a0\u00bb h_text_align=\u00a0\u00bbcenter\u00a0\u00bb v_text_align=\u00a0\u00bbcenter\u00a0\u00bb image_loading=\u00a0\u00bblazy-load\u00a0\u00bb flip_direction=\u00a0\u00bbhorizontal-to-left\u00a0\u00bb front_content=\u00a0\u00bb<\/p>\n<h3>Transcription<\/h3>\n<p>\u00a0\u00bb icon_iconsmind=\u00a0\u00bbiconsmind-Hipster-Headphones\u00a0\u00bb min_height=\u00a0\u00bb300&Prime; icon_size=\u00a0\u00bb50&Prime;]<strong><span style=\"font-size: 14pt;\">Transcription<\/span><\/strong><\/p>\n<p><span style=\"font-size: 12pt;\">de vos r\u00e9unions et entretiens.<\/span>[\/nectar_flip_box][\/vc_column_inner][vc_column_inner column_padding=\u00a0\u00bbpadding-1-percent\u00a0\u00bb column_padding_position=\u00a0\u00bball\u00a0\u00bb background_color_opacity=\u00a0\u00bb1&Prime; background_hover_color_opacity=\u00a0\u00bb1&Prime; column_shadow=\u00a0\u00bbnone\u00a0\u00bb column_border_radius=\u00a0\u00bbnone\u00a0\u00bb column_link_target=\u00a0\u00bb_self\u00a0\u00bb width=\u00a0\u00bb1\/3&Prime; tablet_width_inherit=\u00a0\u00bbdefault\u00a0\u00bb overlay_strength=\u00a0\u00bb0.3&Prime; column_border_width=\u00a0\u00bbnone\u00a0\u00bb column_border_style=\u00a0\u00bbsolid\u00a0\u00bb bg_image_animation=\u00a0\u00bbnone\u00a0\u00bb offset=\u00a0\u00bbvc_col-lg-4 vc_col-md-12&Prime;][nectar_flip_box image_url_1=\u00a0\u00bb2953&Prime; bg_color=\u00a0\u00bb#424242&Prime; bg_color_overlay=\u00a0\u00bbtrue\u00a0\u00bb text_color=\u00a0\u00bblight\u00a0\u00bb icon_family=\u00a0\u00bbiconsmind\u00a0\u00bb icon_color=\u00a0\u00bbaccent-color\u00a0\u00bb bg_color_2=\u00a0\u00bb#ffffff\u00a0\u00bb text_color_2=\u00a0\u00bbdark\u00a0\u00bb h_text_align=\u00a0\u00bbcenter\u00a0\u00bb v_text_align=\u00a0\u00bbcenter\u00a0\u00bb image_loading=\u00a0\u00bblazy-load\u00a0\u00bb flip_direction=\u00a0\u00bbhorizontal-to-left\u00a0\u00bb front_content=\u00a0\u00bb<\/p>\n<h3>Interpr\u00e9tation<\/h3>\n<p>\u00a0\u00bb icon_iconsmind=\u00a0\u00bbiconsmind-Business-Mens\u00a0\u00bb min_height=\u00a0\u00bb300&Prime; icon_size=\u00a0\u00bb50&Prime;]<span style=\"font-size: 14pt; color: #dd3333;\"><strong>Interpr\u00e9tation<\/strong><\/span><\/p>\n<p>Interpr\u00e9tation lors de vos r\u00e9unions professionnelles ou vos d\u00e9marches administratives.[\/nectar_flip_box][\/vc_column_inner][\/vc_row_inner][vc_row_inner column_margin=\u00a0\u00bbdefault\u00a0\u00bb text_align=\u00a0\u00bbleft\u00a0\u00bb][vc_column_inner column_padding=\u00a0\u00bbno-extra-padding\u00a0\u00bb column_padding_position=\u00a0\u00bball\u00a0\u00bb background_color_opacity=\u00a0\u00bb1&Prime; background_hover_color_opacity=\u00a0\u00bb1&Prime; column_shadow=\u00a0\u00bbnone\u00a0\u00bb column_border_radius=\u00a0\u00bbnone\u00a0\u00bb column_link_target=\u00a0\u00bb_self\u00a0\u00bb width=\u00a0\u00bb1\/1&Prime; tablet_width_inherit=\u00a0\u00bbdefault\u00a0\u00bb overlay_strength=\u00a0\u00bb0.3&Prime; column_border_width=\u00a0\u00bbnone\u00a0\u00bb column_border_style=\u00a0\u00bbsolid\u00a0\u00bb bg_image_animation=\u00a0\u00bbnone\u00a0\u00bb][nectar_btn size=\u00a0\u00bbjumbo\u00a0\u00bb button_style=\u00a0\u00bbregular\u00a0\u00bb button_color_2=\u00a0\u00bbAccent-Color\u00a0\u00bb icon_family=\u00a0\u00bbnone\u00a0\u00bb url=\u00a0\u00bbhttp:\/\/hispaniatraductions.com\/index.php\/contact\/\u00a0\u00bb text=\u00a0\u00bbContact\u00a0\u00bb][vc_column_text css=\u00a0\u00bb.vc_custom_1591693291514{padding-top: 20px !important;padding-right: 20px !important;padding-bottom: 20px !important;padding-left: 20px !important;background-color: #e5dddc !important;}\u00a0\u00bb]\n<h3 style=\"text-align: center;\"><span style=\"font-size: 14pt; color: #ba0f0f;\">Vous avez besoin d&rsquo;un service dans une autre langue ? Je collabore avec un r\u00e9seau de traducteurs qui saura r\u00e9pondre \u00e0 votre demande dans toutes les combinaisons linguistiques.<\/span><\/h3>\n[\/vc_column_text][\/vc_column_inner][\/vc_row_inner][\/vc_column][\/vc_row][vc_row type=\u00a0\u00bbin_container\u00a0\u00bb full_screen_row_position=\u00a0\u00bbmiddle\u00a0\u00bb column_margin=\u00a0\u00bbdefault\u00a0\u00bb scene_position=\u00a0\u00bbcenter\u00a0\u00bb text_color=\u00a0\u00bbdark\u00a0\u00bb text_align=\u00a0\u00bbleft\u00a0\u00bb top_padding=\u00a0\u00bb20&Prime; bottom_padding=\u00a0\u00bb40&Prime; overlay_strength=\u00a0\u00bb0.3&Prime; enable_shape_divider=\u00a0\u00bbtrue\u00a0\u00bb shape_divider_color=\u00a0\u00bb#dd3333&Prime; shape_divider_position=\u00a0\u00bbbottom\u00a0\u00bb shape_divider_height=\u00a0\u00bb60&Prime; bg_image_animation=\u00a0\u00bbnone\u00a0\u00bb shape_type=\u00a0\u00bbcurve_opacity\u00a0\u00bb][vc_column column_padding=\u00a0\u00bbno-extra-padding\u00a0\u00bb column_padding_position=\u00a0\u00bball\u00a0\u00bb background_color_opacity=\u00a0\u00bb1&Prime; background_hover_color_opacity=\u00a0\u00bb1&Prime; column_link_target=\u00a0\u00bb_self\u00a0\u00bb column_shadow=\u00a0\u00bbnone\u00a0\u00bb column_border_radius=\u00a0\u00bbnone\u00a0\u00bb width=\u00a0\u00bb1\/1&Prime; tablet_width_inherit=\u00a0\u00bbdefault\u00a0\u00bb tablet_text_alignment=\u00a0\u00bbdefault\u00a0\u00bb phone_text_alignment=\u00a0\u00bbdefault\u00a0\u00bb overlay_strength=\u00a0\u00bb0.3&Prime; column_border_width=\u00a0\u00bbnone\u00a0\u00bb column_border_style=\u00a0\u00bbsolid\u00a0\u00bb bg_image_animation=\u00a0\u00bbnone\u00a0\u00bb][image_with_animation image_url=\u00a0\u00bb3455&Prime; alignment=\u00a0\u00bbcenter\u00a0\u00bb animation=\u00a0\u00bbFade In\u00a0\u00bb hover_animation=\u00a0\u00bbnone\u00a0\u00bb border_radius=\u00a0\u00bb5px\u00a0\u00bb box_shadow=\u00a0\u00bbnone\u00a0\u00bb image_loading=\u00a0\u00bbdefault\u00a0\u00bb max_width=\u00a0\u00bb75%\u00a0\u00bb max_width_mobile=\u00a0\u00bb150%\u00a0\u00bb][\/vc_column][\/vc_row][vc_row type=\u00a0\u00bbin_container\u00a0\u00bb full_screen_row_position=\u00a0\u00bbmiddle\u00a0\u00bb column_margin=\u00a0\u00bbdefault\u00a0\u00bb scene_position=\u00a0\u00bbcenter\u00a0\u00bb text_color=\u00a0\u00bbdark\u00a0\u00bb text_align=\u00a0\u00bbleft\u00a0\u00bb overlay_strength=\u00a0\u00bb0.3&Prime; shape_divider_position=\u00a0\u00bbbottom\u00a0\u00bb bg_image_animation=\u00a0\u00bbnone\u00a0\u00bb][vc_column column_padding=\u00a0\u00bbno-extra-padding\u00a0\u00bb column_padding_position=\u00a0\u00bball\u00a0\u00bb background_color_opacity=\u00a0\u00bb1&Prime; background_hover_color_opacity=\u00a0\u00bb1&Prime; column_link_target=\u00a0\u00bb_self\u00a0\u00bb column_shadow=\u00a0\u00bbnone\u00a0\u00bb column_border_radius=\u00a0\u00bbnone\u00a0\u00bb width=\u00a0\u00bb1\/1&Prime; tablet_width_inherit=\u00a0\u00bbdefault\u00a0\u00bb tablet_text_alignment=\u00a0\u00bbdefault\u00a0\u00bb phone_text_alignment=\u00a0\u00bbdefault\u00a0\u00bb overlay_strength=\u00a0\u00bb0.3&Prime; column_border_width=\u00a0\u00bbnone\u00a0\u00bb column_border_style=\u00a0\u00bbsolid\u00a0\u00bb bg_image_animation=\u00a0\u00bbnone\u00a0\u00bb][image_with_animation image_url=\u00a0\u00bb3755&Prime; alignment=\u00a0\u00bbcenter\u00a0\u00bb animation=\u00a0\u00bbFade In\u00a0\u00bb hover_animation=\u00a0\u00bbnone\u00a0\u00bb border_radius=\u00a0\u00bbnone\u00a0\u00bb box_shadow=\u00a0\u00bbnone\u00a0\u00bb image_loading=\u00a0\u00bbdefault\u00a0\u00bb max_width=\u00a0\u00bb100%\u00a0\u00bb max_width_mobile=\u00a0\u00bbdefault\u00a0\u00bb margin_top=\u00a0\u00bb20&Prime;][\/vc_column][\/vc_row]\n","protected":false},"excerpt":{"rendered":"<p>[vc_row type=\u00a0\u00bbfull_width_background\u00a0\u00bb full_screen_row_position=\u00a0\u00bbmiddle\u00a0\u00bb column_margin=\u00a0\u00bbdefault\u00a0\u00bb full_height=\u00a0\u00bbyes\u00a0\u00bb columns_placement=\u00a0\u00bbtop\u00a0\u00bb bg_color=\u00a0\u00bb#e5dddc\u00a0\u00bb scene_position=\u00a0\u00bbcenter\u00a0\u00bb text_color=\u00a0\u00bbdark\u00a0\u00bb text_align=\u00a0\u00bbleft\u00a0\u00bb top_padding=\u00a0\u00bb20&Prime; bottom_padding=\u00a0\u00bb0&Prime; id=\u00a0\u00bbservices\u00a0\u00bb overlay_strength=\u00a0\u00bb0.3&Prime; shape_divider_color=\u00a0\u00bb#e5dddc\u00a0\u00bb shape_divider_position=\u00a0\u00bbbottom\u00a0\u00bb shape_divider_height=\u00a0\u00bb70&Prime; bg_image_animation=\u00a0\u00bbnone\u00a0\u00bb shape_type=\u00a0\u00bbmountains\u00a0\u00bb][vc_column centered_text=\u00a0\u00bbtrue\u00a0\u00bb column_padding=\u00a0\u00bbno-extra-padding\u00a0\u00bb column_padding_position=\u00a0\u00bball\u00a0\u00bb background_color=\u00a0\u00bb#e5dddc\u00a0\u00bb background_color_opacity=\u00a0\u00bb1&Prime; background_color_hover=\u00a0\u00bb#e5dddc\u00a0\u00bb background_hover_color_opacity=\u00a0\u00bb1&Prime; column_link_target=\u00a0\u00bb_self\u00a0\u00bb column_shadow=\u00a0\u00bbnone\u00a0\u00bb column_border_radius=\u00a0\u00bbnone\u00a0\u00bb width=\u00a0\u00bb1\/1&Prime;&#8230;<\/p>\n","protected":false},"author":1,"featured_media":0,"parent":0,"menu_order":0,"comment_status":"closed","ping_status":"closed","template":"","meta":{"spay_email":""},"yoast_head":"<!-- This site is optimized with the Yoast SEO plugin v14.3 - https:\/\/yoast.com\/wordpress\/plugins\/seo\/ -->\n<title>Services - HISPANIA Traductions<\/title>\n<meta name=\"description\" content=\"Traduction certifi\u00e9e fran\u00e7ais-espagnol | Traduction fran\u00e7ais-anglais-espagnol | Relecture et correction | Mise en page | Transcription | Interpr\u00e9tation\" \/>\n<meta name=\"robots\" content=\"index, follow\" \/>\n<meta name=\"googlebot\" content=\"index, follow, max-snippet:-1, max-image-preview:large, max-video-preview:-1\" \/>\n<meta name=\"bingbot\" content=\"index, follow, max-snippet:-1, max-image-preview:large, max-video-preview:-1\" \/>\n<link rel=\"canonical\" href=\"http:\/\/hispaniatraductions.com\/index.php\/services\/\" \/>\n<meta property=\"og:locale\" content=\"fr_FR\" \/>\n<meta property=\"og:type\" content=\"article\" \/>\n<meta property=\"og:title\" content=\"Services - HISPANIA Traductions\" \/>\n<meta property=\"og:description\" content=\"Traduction certifi\u00e9e fran\u00e7ais-espagnol | Traduction fran\u00e7ais-anglais-espagnol | Relecture et correction | Mise en page | Transcription | Interpr\u00e9tation\" \/>\n<meta property=\"og:url\" content=\"http:\/\/hispaniatraductions.com\/index.php\/services\/\" \/>\n<meta property=\"og:site_name\" content=\"HISPANIA Traductions\" \/>\n<meta property=\"article:publisher\" content=\"https:\/\/www.facebook.com\/Hispania.Traductions\/\" \/>\n<meta property=\"article:modified_time\" content=\"2020-11-25T09:51:13+00:00\" \/>\n<meta property=\"og:image\" content=\"https:\/\/i1.wp.com\/hispaniatraductions.com\/wp-content\/uploads\/2020\/06\/Canva-Desktop-computer-mock-up-on-an-industrial-desk-in-a-scandinavian-student-bedroom-interior-workspace-with-white-walls-1-scaled.jpg?fit=2560%2C1707&#038;ssl=1\" \/>\n\t<meta property=\"og:image:width\" content=\"2560\" \/>\n\t<meta property=\"og:image:height\" content=\"1707\" \/>\n<meta name=\"twitter:card\" content=\"summary_large_image\" \/>\n<script type=\"application\/ld+json\" class=\"yoast-schema-graph\">{\"@context\":\"https:\/\/schema.org\",\"@graph\":[{\"@type\":\"Organization\",\"@id\":\"https:\/\/hispaniatraductions.com\/#organization\",\"name\":\"Hispania Traductions\",\"url\":\"https:\/\/hispaniatraductions.com\/\",\"sameAs\":[\"https:\/\/www.facebook.com\/Hispania.Traductions\/\"],\"logo\":{\"@type\":\"ImageObject\",\"@id\":\"https:\/\/hispaniatraductions.com\/#logo\",\"inLanguage\":\"fr-FR\",\"url\":\"https:\/\/i2.wp.com\/hispaniatraductions.com\/wp-content\/uploads\/2020\/06\/logo-hispania-final.jpg?fit=285%2C103&ssl=1\",\"width\":285,\"height\":103,\"caption\":\"Hispania Traductions\"},\"image\":{\"@id\":\"https:\/\/hispaniatraductions.com\/#logo\"}},{\"@type\":\"WebSite\",\"@id\":\"https:\/\/hispaniatraductions.com\/#website\",\"url\":\"https:\/\/hispaniatraductions.com\/\",\"name\":\"HISPANIA Traductions\",\"description\":\"Vos traductions en espagnol\",\"publisher\":{\"@id\":\"https:\/\/hispaniatraductions.com\/#organization\"},\"potentialAction\":[{\"@type\":\"SearchAction\",\"target\":\"https:\/\/hispaniatraductions.com\/?s={search_term_string}\",\"query-input\":\"required name=search_term_string\"}],\"inLanguage\":\"fr-FR\"},{\"@type\":\"WebPage\",\"@id\":\"http:\/\/hispaniatraductions.com\/index.php\/services\/#webpage\",\"url\":\"http:\/\/hispaniatraductions.com\/index.php\/services\/\",\"name\":\"Services - HISPANIA Traductions\",\"isPartOf\":{\"@id\":\"https:\/\/hispaniatraductions.com\/#website\"},\"datePublished\":\"2020-03-04T12:00:21+00:00\",\"dateModified\":\"2020-11-25T09:51:13+00:00\",\"description\":\"Traduction certifi\\u00e9e fran\\u00e7ais-espagnol | Traduction fran\\u00e7ais-anglais-espagnol | Relecture et correction | Mise en page | Transcription | Interpr\\u00e9tation\",\"inLanguage\":\"fr-FR\",\"potentialAction\":[{\"@type\":\"ReadAction\",\"target\":[\"http:\/\/hispaniatraductions.com\/index.php\/services\/\"]}]}]}<\/script>\n<!-- \/ Yoast SEO plugin. -->","_links":{"self":[{"href":"https:\/\/hispaniatraductions.com\/index.php\/wp-json\/wp\/v2\/pages\/2803"}],"collection":[{"href":"https:\/\/hispaniatraductions.com\/index.php\/wp-json\/wp\/v2\/pages"}],"about":[{"href":"https:\/\/hispaniatraductions.com\/index.php\/wp-json\/wp\/v2\/types\/page"}],"author":[{"embeddable":true,"href":"https:\/\/hispaniatraductions.com\/index.php\/wp-json\/wp\/v2\/users\/1"}],"replies":[{"embeddable":true,"href":"https:\/\/hispaniatraductions.com\/index.php\/wp-json\/wp\/v2\/comments?post=2803"}],"version-history":[{"count":116,"href":"https:\/\/hispaniatraductions.com\/index.php\/wp-json\/wp\/v2\/pages\/2803\/revisions"}],"predecessor-version":[{"id":3761,"href":"https:\/\/hispaniatraductions.com\/index.php\/wp-json\/wp\/v2\/pages\/2803\/revisions\/3761"}],"wp:attachment":[{"href":"https:\/\/hispaniatraductions.com\/index.php\/wp-json\/wp\/v2\/media?parent=2803"}],"curies":[{"name":"wp","href":"https:\/\/api.w.org\/{rel}","templated":true}]}}